{"id":1672,"date":"2025-05-18T16:32:59","date_gmt":"2025-05-18T16:32:59","guid":{"rendered":"https:\/\/kundalinitribe.com\/masters-lab\/"},"modified":"2026-01-17T22:09:08","modified_gmt":"2026-01-17T22:09:08","slug":"masters-lab","status":"publish","type":"page","link":"https:\/\/kundalinitribe.com\/en\/masters-lab\/","title":{"rendered":"Masters Lab"},"content":{"rendered":"\t\t<div data-elementor-type=\"wp-page\" data-elementor-id=\"1672\" class=\"elementor elementor-1672 elementor-383\" data-elementor-post-type=\"page\">\n\t\t\t\t<div class=\"elementor-element elementor-element-f961ca7 e-flex e-con-boxed e-con e-parent\" data-id=\"f961ca7\" data-element_type=\"container\" data-settings=\"{&quot;background_background&quot;:&quot;classic&quot;,&quot;shape_divider_bottom&quot;:&quot;arrow&quot;}\">\n\t\t\t\t\t<div class=\"e-con-inner\">\n\t\t\t\t<div class=\"elementor-shape elementor-shape-bottom\" aria-hidden=\"true\" data-negative=\"false\">\n\t\t\t<svg xmlns=\"http:\/\/www.w3.org\/2000\/svg\" viewBox=\"0 0 700 10\" preserveAspectRatio=\"none\">\n\t<path class=\"elementor-shape-fill\" d=\"M350,10L340,0h20L350,10z\"\/>\n<\/svg>\t\t<\/div>\n\t\t<div class=\"elementor-element elementor-element-20b9374 e-con-full e-flex e-con e-child\" data-id=\"20b9374\" data-element_type=\"container\">\n\t\t\t\t<div class=\"elementor-element elementor-element-3c53f9c elementor-widget elementor-widget-image\" data-id=\"3c53f9c\" data-element_type=\"widget\" data-widget_type=\"image.default\">\n\t\t\t\t<div class=\"elementor-widget-container\">\n\t\t\t\t\t\t\t\t\t\t\t\t\t\t\t<img fetchpriority=\"high\" decoding=\"async\" width=\"800\" height=\"800\" src=\"https:\/\/kundalinitribe.com\/wp-content\/uploads\/2025\/06\/ELEMENTS-09-white-1024x1024.png\" class=\"attachment-large size-large wp-image-1675\" alt=\"\" srcset=\"https:\/\/kundalinitribe.com\/wp-content\/uploads\/2025\/06\/ELEMENTS-09-white-1024x1024.png 1024w, https:\/\/kundalinitribe.com\/wp-content\/uploads\/2025\/06\/ELEMENTS-09-white-300x300.png 300w, https:\/\/kundalinitribe.com\/wp-content\/uploads\/2025\/06\/ELEMENTS-09-white-150x150.png 150w, https:\/\/kundalinitribe.com\/wp-content\/uploads\/2025\/06\/ELEMENTS-09-white-768x768.png 768w, https:\/\/kundalinitribe.com\/wp-content\/uploads\/2025\/06\/ELEMENTS-09-white-1536x1536.png 1536w, https:\/\/kundalinitribe.com\/wp-content\/uploads\/2025\/06\/ELEMENTS-09-white-2048x2048.png 2048w, https:\/\/kundalinitribe.com\/wp-content\/uploads\/2025\/06\/ELEMENTS-09-white-600x600.png 600w, https:\/\/kundalinitribe.com\/wp-content\/uploads\/2025\/06\/ELEMENTS-09-white-100x100.png 100w\" sizes=\"(max-width: 800px) 100vw, 800px\" \/>\t\t\t\t\t\t\t\t\t\t\t\t\t\t\t<\/div>\n\t\t\t\t<\/div>\n\t\t\t\t<\/div>\n\t\t<div class=\"elementor-element elementor-element-718a06d e-con-full e-flex e-con e-child\" data-id=\"718a06d\" data-element_type=\"container\">\n\t\t\t\t<div class=\"elementor-element elementor-element-e7f2cf5 elementor-widget elementor-widget-heading\" data-id=\"e7f2cf5\" data-element_type=\"widget\" data-widget_type=\"heading.default\">\n\t\t\t\t<div class=\"elementor-widget-container\">\n\t\t\t\t\t<h2 class=\"elementor-heading-title elementor-size-default\">Laboratorio de Maestros<\/h2>\t\t\t\t<\/div>\n\t\t\t\t<\/div>\n\t\t\t\t<div class=\"elementor-element elementor-element-2d13bfa elementor-widget elementor-widget-heading\" data-id=\"2d13bfa\" data-element_type=\"widget\" data-widget_type=\"heading.default\">\n\t\t\t\t<div class=\"elementor-widget-container\">\n\t\t\t\t\t<h2 class=\"elementor-heading-title elementor-size-default\">FORMACIONES AVANZADAS<\/h2>\t\t\t\t<\/div>\n\t\t\t\t<\/div>\n\t\t\t\t<\/div>\n\t\t\t\t\t<\/div>\n\t\t\t\t<\/div>\n\t\t<div class=\"elementor-element elementor-element-c370c62 e-flex e-con-boxed e-con e-parent\" data-id=\"c370c62\" data-element_type=\"container\">\n\t\t\t\t\t<div class=\"e-con-inner\">\n\t\t\t\t<div class=\"elementor-element elementor-element-dde543d elementor-widget elementor-widget-heading\" data-id=\"dde543d\" data-element_type=\"widget\" data-widget_type=\"heading.default\">\n\t\t\t\t<div class=\"elementor-widget-container\">\n\t\t\t\t\t<h2 class=\"elementor-heading-title elementor-size-default\">Un espacio sagrado de gu\u00eda, encuentro y refinamiento interior, concebido para profundizar en la propia esencia y actualizar el rol del maestro en los tiempos contempor\u00e1neos.<\/h2>\t\t\t\t<\/div>\n\t\t\t\t<\/div>\n\t\t\t\t<div class=\"elementor-element elementor-element-9824a74 elementor-widget elementor-widget-text-editor\" data-id=\"9824a74\" data-element_type=\"widget\" data-widget_type=\"text-editor.default\">\n\t\t\t\t<div class=\"elementor-widget-container\">\n\t\t\t\t\t\t\t\t\t<p>Este laboratorio ha sido dise\u00f1ado para aquellos que sienten el llamado de trabajar en s\u00ed mismos de manera honesta, amorosa y comprometida con la transformaci\u00f3n, la conciencia y la hermandad.<\/p><p>Nace desde la madurez de casi tres d\u00e9cadas dedicadas a ense\u00f1ar, acompa\u00f1ar y servir a otros en su propio camino de despertar. Es una ofrenda para quienes portan la responsabilidad y el privilegio de compartir la tecnolog\u00eda y\u00f3guica, y desean sostenerla con integridad, profundidad y sensibilidad.<\/p><p>Cada semana nos reuniremos en este espacio vivo para profundizar, articular y refinar nuestra pr\u00e1ctica, nuestra presencia y nuestra misi\u00f3n, en un entorno de inclusi\u00f3n, honestidad y expansi\u00f3n.<\/p><p>Este es un ciclo continuo, abierto a todos aquellos maestros y practicantes comprometidos con su propio proceso evolutivo.<\/p><p>Para quienes no puedan asistir en vivo, las sesiones quedar\u00e1n grabadas y disponibles.<\/p>\t\t\t\t\t\t\t\t<\/div>\n\t\t\t\t<\/div>\n\t\t\t\t\t<\/div>\n\t\t\t\t<\/div>\n\t\t<div class=\"elementor-element elementor-element-ba0e86b e-flex e-con-boxed e-con e-parent\" data-id=\"ba0e86b\" data-element_type=\"container\">\n\t\t\t\t\t<div class=\"e-con-inner\">\n\t\t<div class=\"elementor-element elementor-element-29c0830 e-con-full e-flex e-con e-child\" data-id=\"29c0830\" data-element_type=\"container\">\n\t\t\t\t<div class=\"elementor-element elementor-element-e99744f elementor-widget__width-initial elementor-widget elementor-widget-image\" data-id=\"e99744f\" data-element_type=\"widget\" data-widget_type=\"image.default\">\n\t\t\t\t<div class=\"elementor-widget-container\">\n\t\t\t\t\t\t\t\t\t\t\t\t\t\t\t<img decoding=\"async\" width=\"800\" height=\"800\" src=\"https:\/\/kundalinitribe.com\/wp-content\/uploads\/2025\/06\/ELEMENTS-07-pink-1024x1024.png\" class=\"attachment-large size-large wp-image-1676\" alt=\"\" srcset=\"https:\/\/kundalinitribe.com\/wp-content\/uploads\/2025\/06\/ELEMENTS-07-pink-1024x1024.png 1024w, https:\/\/kundalinitribe.com\/wp-content\/uploads\/2025\/06\/ELEMENTS-07-pink-300x300.png 300w, https:\/\/kundalinitribe.com\/wp-content\/uploads\/2025\/06\/ELEMENTS-07-pink-150x150.png 150w, https:\/\/kundalinitribe.com\/wp-content\/uploads\/2025\/06\/ELEMENTS-07-pink-768x768.png 768w, https:\/\/kundalinitribe.com\/wp-content\/uploads\/2025\/06\/ELEMENTS-07-pink-1536x1536.png 1536w, https:\/\/kundalinitribe.com\/wp-content\/uploads\/2025\/06\/ELEMENTS-07-pink-2048x2048.png 2048w, https:\/\/kundalinitribe.com\/wp-content\/uploads\/2025\/06\/ELEMENTS-07-pink-600x600.png 600w, https:\/\/kundalinitribe.com\/wp-content\/uploads\/2025\/06\/ELEMENTS-07-pink-100x100.png 100w\" sizes=\"(max-width: 800px) 100vw, 800px\" \/>\t\t\t\t\t\t\t\t\t\t\t\t\t\t\t<\/div>\n\t\t\t\t<\/div>\n\t\t\t\t<\/div>\n\t\t<div class=\"elementor-element elementor-element-bb9116f e-con-full e-flex e-con e-child\" data-id=\"bb9116f\" data-element_type=\"container\">\n\t\t\t\t<div class=\"elementor-element elementor-element-3fc05ce elementor-widget elementor-widget-heading\" data-id=\"3fc05ce\" data-element_type=\"widget\" data-widget_type=\"heading.default\">\n\t\t\t\t<div class=\"elementor-widget-container\">\n\t\t\t\t\t<h2 class=\"elementor-heading-title elementor-size-default\">EL LABORATORIO ES PARA TI SI SIENTES EL LLAMADO A:\n<\/h2>\t\t\t\t<\/div>\n\t\t\t\t<\/div>\n\t\t\t\t<div class=\"elementor-element elementor-element-97c3106 elementor-icon-list--layout-traditional elementor-list-item-link-full_width elementor-widget elementor-widget-icon-list\" data-id=\"97c3106\" data-element_type=\"widget\" data-widget_type=\"icon-list.default\">\n\t\t\t\t<div class=\"elementor-widget-container\">\n\t\t\t\t\t\t\t<ul class=\"elementor-icon-list-items\">\n\t\t\t\t\t\t\t<li class=\"elementor-icon-list-item\">\n\t\t\t\t\t\t\t\t\t\t\t<span class=\"elementor-icon-list-icon\">\n\t\t\t\t\t\t\t<svg aria-hidden=\"true\" class=\"e-font-icon-svg e-fas-leaf\" viewBox=\"0 0 576 512\" xmlns=\"http:\/\/www.w3.org\/2000\/svg\"><path d=\"M546.2 9.7c-5.6-12.5-21.6-13-28.3-1.2C486.9 62.4 431.4 96 368 96h-80C182 96 96 182 96 288c0 7 .8 13.7 1.5 20.5C161.3 262.8 253.4 224 384 224c8.8 0 16 7.2 16 16s-7.2 16-16 16C132.6 256 26 410.1 2.4 468c-6.6 16.3 1.2 34.9 17.5 41.6 16.4 6.8 35-1.1 41.8-17.3 1.5-3.6 20.9-47.9 71.9-90.6 32.4 43.9 94 85.8 174.9 77.2C465.5 467.5 576 326.7 576 154.3c0-50.2-10.8-102.2-29.8-144.6z\"><\/path><\/svg>\t\t\t\t\t\t<\/span>\n\t\t\t\t\t\t\t\t\t\t<span class=\"elementor-icon-list-text\"> Trabajar en ti mismo con honestidad, sensibilidad y compromiso profundo.<\/span>\n\t\t\t\t\t\t\t\t\t<\/li>\n\t\t\t\t\t\t\t\t<li class=\"elementor-icon-list-item\">\n\t\t\t\t\t\t\t\t\t\t\t<span class=\"elementor-icon-list-icon\">\n\t\t\t\t\t\t\t<svg aria-hidden=\"true\" class=\"e-font-icon-svg e-fas-leaf\" viewBox=\"0 0 576 512\" xmlns=\"http:\/\/www.w3.org\/2000\/svg\"><path d=\"M546.2 9.7c-5.6-12.5-21.6-13-28.3-1.2C486.9 62.4 431.4 96 368 96h-80C182 96 96 182 96 288c0 7 .8 13.7 1.5 20.5C161.3 262.8 253.4 224 384 224c8.8 0 16 7.2 16 16s-7.2 16-16 16C132.6 256 26 410.1 2.4 468c-6.6 16.3 1.2 34.9 17.5 41.6 16.4 6.8 35-1.1 41.8-17.3 1.5-3.6 20.9-47.9 71.9-90.6 32.4 43.9 94 85.8 174.9 77.2C465.5 467.5 576 326.7 576 154.3c0-50.2-10.8-102.2-29.8-144.6z\"><\/path><\/svg>\t\t\t\t\t\t<\/span>\n\t\t\t\t\t\t\t\t\t\t<span class=\"elementor-icon-list-text\">Sostener la ense\u00f1anza del yoga como un acto de servicio consciente y responsable.<\/span>\n\t\t\t\t\t\t\t\t\t<\/li>\n\t\t\t\t\t\t\t\t<li class=\"elementor-icon-list-item\">\n\t\t\t\t\t\t\t\t\t\t\t<span class=\"elementor-icon-list-icon\">\n\t\t\t\t\t\t\t<svg aria-hidden=\"true\" class=\"e-font-icon-svg e-fas-leaf\" viewBox=\"0 0 576 512\" xmlns=\"http:\/\/www.w3.org\/2000\/svg\"><path d=\"M546.2 9.7c-5.6-12.5-21.6-13-28.3-1.2C486.9 62.4 431.4 96 368 96h-80C182 96 96 182 96 288c0 7 .8 13.7 1.5 20.5C161.3 262.8 253.4 224 384 224c8.8 0 16 7.2 16 16s-7.2 16-16 16C132.6 256 26 410.1 2.4 468c-6.6 16.3 1.2 34.9 17.5 41.6 16.4 6.8 35-1.1 41.8-17.3 1.5-3.6 20.9-47.9 71.9-90.6 32.4 43.9 94 85.8 174.9 77.2C465.5 467.5 576 326.7 576 154.3c0-50.2-10.8-102.2-29.8-144.6z\"><\/path><\/svg>\t\t\t\t\t\t<\/span>\n\t\t\t\t\t\t\t\t\t\t<span class=\"elementor-icon-list-text\">Afinar tu presencia como maestro(a) desde un lugar de integridad y autenticidad.<\/span>\n\t\t\t\t\t\t\t\t\t<\/li>\n\t\t\t\t\t\t\t\t<li class=\"elementor-icon-list-item\">\n\t\t\t\t\t\t\t\t\t\t\t<span class=\"elementor-icon-list-icon\">\n\t\t\t\t\t\t\t<svg aria-hidden=\"true\" class=\"e-font-icon-svg e-fas-leaf\" viewBox=\"0 0 576 512\" xmlns=\"http:\/\/www.w3.org\/2000\/svg\"><path d=\"M546.2 9.7c-5.6-12.5-21.6-13-28.3-1.2C486.9 62.4 431.4 96 368 96h-80C182 96 96 182 96 288c0 7 .8 13.7 1.5 20.5C161.3 262.8 253.4 224 384 224c8.8 0 16 7.2 16 16s-7.2 16-16 16C132.6 256 26 410.1 2.4 468c-6.6 16.3 1.2 34.9 17.5 41.6 16.4 6.8 35-1.1 41.8-17.3 1.5-3.6 20.9-47.9 71.9-90.6 32.4 43.9 94 85.8 174.9 77.2C465.5 467.5 576 326.7 576 154.3c0-50.2-10.8-102.2-29.8-144.6z\"><\/path><\/svg>\t\t\t\t\t\t<\/span>\n\t\t\t\t\t\t\t\t\t\t<span class=\"elementor-icon-list-text\">Cultivar una pr\u00e1ctica viva que acompa\u00f1e tu evoluci\u00f3n personal y la de quienes te rodean.<\/span>\n\t\t\t\t\t\t\t\t\t<\/li>\n\t\t\t\t\t\t\t\t<li class=\"elementor-icon-list-item\">\n\t\t\t\t\t\t\t\t\t\t\t<span class=\"elementor-icon-list-icon\">\n\t\t\t\t\t\t\t<svg aria-hidden=\"true\" class=\"e-font-icon-svg e-fas-leaf\" viewBox=\"0 0 576 512\" xmlns=\"http:\/\/www.w3.org\/2000\/svg\"><path d=\"M546.2 9.7c-5.6-12.5-21.6-13-28.3-1.2C486.9 62.4 431.4 96 368 96h-80C182 96 96 182 96 288c0 7 .8 13.7 1.5 20.5C161.3 262.8 253.4 224 384 224c8.8 0 16 7.2 16 16s-7.2 16-16 16C132.6 256 26 410.1 2.4 468c-6.6 16.3 1.2 34.9 17.5 41.6 16.4 6.8 35-1.1 41.8-17.3 1.5-3.6 20.9-47.9 71.9-90.6 32.4 43.9 94 85.8 174.9 77.2C465.5 467.5 576 326.7 576 154.3c0-50.2-10.8-102.2-29.8-144.6z\"><\/path><\/svg>\t\t\t\t\t\t<\/span>\n\t\t\t\t\t\t\t\t\t\t<span class=\"elementor-icon-list-text\">Participar activamente en una comunidad de hermandad, donde el di\u00e1logo, la escucha y la expansi\u00f3n son parte esencial del camino.<\/span>\n\t\t\t\t\t\t\t\t\t<\/li>\n\t\t\t\t\t\t\t\t<li class=\"elementor-icon-list-item\">\n\t\t\t\t\t\t\t\t\t\t\t<span class=\"elementor-icon-list-icon\">\n\t\t\t\t\t\t\t<svg aria-hidden=\"true\" class=\"e-font-icon-svg e-fas-leaf\" viewBox=\"0 0 576 512\" xmlns=\"http:\/\/www.w3.org\/2000\/svg\"><path d=\"M546.2 9.7c-5.6-12.5-21.6-13-28.3-1.2C486.9 62.4 431.4 96 368 96h-80C182 96 96 182 96 288c0 7 .8 13.7 1.5 20.5C161.3 262.8 253.4 224 384 224c8.8 0 16 7.2 16 16s-7.2 16-16 16C132.6 256 26 410.1 2.4 468c-6.6 16.3 1.2 34.9 17.5 41.6 16.4 6.8 35-1.1 41.8-17.3 1.5-3.6 20.9-47.9 71.9-90.6 32.4 43.9 94 85.8 174.9 77.2C465.5 467.5 576 326.7 576 154.3c0-50.2-10.8-102.2-29.8-144.6z\"><\/path><\/svg>\t\t\t\t\t\t<\/span>\n\t\t\t\t\t\t\t\t\t\t<span class=\"elementor-icon-list-text\">Reunirte en un espacio de co-creaci\u00f3n para seguir madurando como gu\u00eda, practicante y ser humano.<\/span>\n\t\t\t\t\t\t\t\t\t<\/li>\n\t\t\t\t\t\t<\/ul>\n\t\t\t\t\t\t<\/div>\n\t\t\t\t<\/div>\n\t\t\t\t<\/div>\n\t\t\t\t\t<\/div>\n\t\t\t\t<\/div>\n\t\t<div class=\"elementor-element elementor-element-92596ea e-flex e-con-boxed e-con e-parent\" data-id=\"92596ea\" data-element_type=\"container\" data-settings=\"{&quot;background_background&quot;:&quot;classic&quot;,&quot;shape_divider_top&quot;:&quot;arrow&quot;,&quot;shape_divider_bottom&quot;:&quot;arrow&quot;}\">\n\t\t\t\t\t<div class=\"e-con-inner\">\n\t\t\t\t<div class=\"elementor-shape elementor-shape-top\" aria-hidden=\"true\" data-negative=\"false\">\n\t\t\t<svg xmlns=\"http:\/\/www.w3.org\/2000\/svg\" viewBox=\"0 0 700 10\" preserveAspectRatio=\"none\">\n\t<path class=\"elementor-shape-fill\" d=\"M350,10L340,0h20L350,10z\"\/>\n<\/svg>\t\t<\/div>\n\t\t\t\t<div class=\"elementor-shape elementor-shape-bottom\" aria-hidden=\"true\" data-negative=\"false\">\n\t\t\t<svg xmlns=\"http:\/\/www.w3.org\/2000\/svg\" viewBox=\"0 0 700 10\" preserveAspectRatio=\"none\">\n\t<path class=\"elementor-shape-fill\" d=\"M350,10L340,0h20L350,10z\"\/>\n<\/svg>\t\t<\/div>\n\t\t<div class=\"elementor-element elementor-element-b10703b e-con-full e-flex e-con e-child\" data-id=\"b10703b\" data-element_type=\"container\">\n\t\t\t\t<div class=\"elementor-element elementor-element-873e954 elementor-widget elementor-widget-heading\" data-id=\"873e954\" data-element_type=\"widget\" data-widget_type=\"heading.default\">\n\t\t\t\t<div class=\"elementor-widget-container\">\n\t\t\t\t\t<h2 class=\"elementor-heading-title elementor-size-default\">El viaje<\/h2>\t\t\t\t<\/div>\n\t\t\t\t<\/div>\n\t\t\t\t<\/div>\n\t\t\t\t\t<\/div>\n\t\t\t\t<\/div>\n\t\t<div class=\"elementor-element elementor-element-9191916 e-flex e-con-boxed e-con e-parent\" data-id=\"9191916\" data-element_type=\"container\">\n\t\t\t\t\t<div class=\"e-con-inner\">\n\t\t<div class=\"elementor-element elementor-element-740da6b e-con-full e-flex e-con e-child\" data-id=\"740da6b\" data-element_type=\"container\">\n\t\t\t\t<div class=\"elementor-element elementor-element-4fb0132 elementor-widget elementor-widget-text-editor\" data-id=\"4fb0132\" data-element_type=\"widget\" data-widget_type=\"text-editor.default\">\n\t\t\t\t<div class=\"elementor-widget-container\">\n\t\t\t\t\t\t\t\t\t<h3><b>LABORATORIO 1<\/b><span style=\"font-weight: 400;\">: <\/span><\/h3><p><span style=\"font-weight: 400;\">La voz colectiva del Servicio y la ruptura de la jerarqu\u00eda<\/span><\/p><h3><b>LABORATORIO 2<\/b><span style=\"font-weight: 400;\">:<\/span><\/h3><p><span style=\"font-weight: 400;\">Experimentar Shakti Pad y navegar a trav\u00e9s de \u00e9l<\/span><\/p><h3><b>LABORATORIO 3<\/b><span style=\"font-weight: 400;\">:<\/span><\/h3><p><span style=\"font-weight: 400;\">Ense\u00f1anza de Kundalini Yoga y el culto a tu propia personalidad<\/span><\/p><h3><b>LABORATORIO 4<\/b><span style=\"font-weight: 400;\">:<\/span><\/h3><p><span style=\"font-weight: 400;\">Resistencia a tu propia excelencia y c\u00f3mo elevarte en tiempos de soledad<\/span><\/p><h3><b>LABORATORIO 5:<\/b><\/h3><p><span style=\"font-weight: 400;\">Tu experiencia personal de vida y c\u00f3mo influye en tu estilo de ense\u00f1anza<\/span><\/p><p><b>LABORATORIO 6:<\/b><span style=\"font-weight: 400;\"> Ancestros y \u00e1ngeles: gu\u00eda, limpieza del pasado y linaje personal<\/span><\/p><h3><b>LABORATORIO 7<\/b><span style=\"font-weight: 400;\">: <\/span><\/h3><p><span style=\"font-weight: 400;\">Ser Hu-mano: como mantenerse como una entidad encarnada (YOGA) trabajando tus sombras<\/span><\/p><h3><b>LABORATORIO 8:<\/b><\/h3><p><span style=\"font-weight: 400;\">Dominar el poder de tu propia Trasmisi\u00f3n: c\u00f3mo acceder a ella<\/span><\/p><h3><b>LABORATORIO 9:<\/b><\/h3><p><span style=\"font-weight: 400;\">Escuchar el verdadero deseo de tu Coraz\u00f3n como camino hacia la realizaci\u00f3n<\/span><\/p><h3><b>LABORATORIO 10:<\/b><\/h3><p><span style=\"font-weight: 400;\">Algunas\u00a0 almas deben encontrarse con otras almas.<\/span><\/p><h3><b>LABORATORIO 11:<\/b><\/h3><p><span style=\"font-weight: 400;\">La Cadena Dorada, Una clase magistral por Shiv Charan Singh<\/span><\/p>\t\t\t\t\t\t\t\t<\/div>\n\t\t\t\t<\/div>\n\t\t\t\t<\/div>\n\t\t\t\t\t<\/div>\n\t\t\t\t<\/div>\n\t\t<div class=\"elementor-element elementor-element-f397e7a e-flex e-con-boxed e-con e-parent\" data-id=\"f397e7a\" data-element_type=\"container\" data-settings=\"{&quot;background_background&quot;:&quot;classic&quot;,&quot;shape_divider_top&quot;:&quot;arrow&quot;,&quot;shape_divider_bottom&quot;:&quot;arrow&quot;}\">\n\t\t\t\t\t<div class=\"e-con-inner\">\n\t\t\t\t<div class=\"elementor-shape elementor-shape-top\" aria-hidden=\"true\" data-negative=\"false\">\n\t\t\t<svg xmlns=\"http:\/\/www.w3.org\/2000\/svg\" viewBox=\"0 0 700 10\" preserveAspectRatio=\"none\">\n\t<path class=\"elementor-shape-fill\" d=\"M350,10L340,0h20L350,10z\"\/>\n<\/svg>\t\t<\/div>\n\t\t\t\t<div class=\"elementor-shape elementor-shape-bottom\" aria-hidden=\"true\" data-negative=\"false\">\n\t\t\t<svg xmlns=\"http:\/\/www.w3.org\/2000\/svg\" viewBox=\"0 0 700 10\" preserveAspectRatio=\"none\">\n\t<path class=\"elementor-shape-fill\" d=\"M350,10L340,0h20L350,10z\"\/>\n<\/svg>\t\t<\/div>\n\t\t<div class=\"elementor-element elementor-element-28a9f9d e-con-full e-flex e-con e-child\" data-id=\"28a9f9d\" data-element_type=\"container\">\n\t\t\t\t<div class=\"elementor-element elementor-element-0c6c7da elementor-widget elementor-widget-heading\" data-id=\"0c6c7da\" data-element_type=\"widget\" data-widget_type=\"heading.default\">\n\t\t\t\t<div class=\"elementor-widget-container\">\n\t\t\t\t\t<h2 class=\"elementor-heading-title elementor-size-default\">El viaje<\/h2>\t\t\t\t<\/div>\n\t\t\t\t<\/div>\n\t\t\t\t<\/div>\n\t\t\t\t\t<\/div>\n\t\t\t\t<\/div>\n\t\t<div class=\"elementor-element elementor-element-8c19447 e-flex e-con-boxed e-con e-parent\" data-id=\"8c19447\" data-element_type=\"container\">\n\t\t\t\t\t<div class=\"e-con-inner\">\n\t\t<div class=\"elementor-element elementor-element-563b264 e-con-full e-flex e-con e-child\" data-id=\"563b264\" data-element_type=\"container\">\n\t\t<div class=\"elementor-element elementor-element-bf2cb58 e-con-full e-flex e-con e-child\" data-id=\"bf2cb58\" data-element_type=\"container\">\n\t\t\t\t<div class=\"elementor-element elementor-element-5c24f97 elementor-widget elementor-widget-image\" data-id=\"5c24f97\" data-element_type=\"widget\" data-widget_type=\"image.default\">\n\t\t\t\t<div class=\"elementor-widget-container\">\n\t\t\t\t\t\t\t\t\t\t\t\t\t\t\t<img decoding=\"async\" width=\"500\" height=\"500\" src=\"https:\/\/kundalinitribe.com\/wp-content\/uploads\/2025\/05\/Amrita-Devi-Yoga-3.png\" class=\"attachment-large size-large wp-image-1677\" alt=\"\" srcset=\"https:\/\/kundalinitribe.com\/wp-content\/uploads\/2025\/05\/Amrita-Devi-Yoga-3.png 500w, https:\/\/kundalinitribe.com\/wp-content\/uploads\/2025\/05\/Amrita-Devi-Yoga-3-300x300.png 300w, https:\/\/kundalinitribe.com\/wp-content\/uploads\/2025\/05\/Amrita-Devi-Yoga-3-150x150.png 150w, https:\/\/kundalinitribe.com\/wp-content\/uploads\/2025\/05\/Amrita-Devi-Yoga-3-100x100.png 100w\" sizes=\"(max-width: 500px) 100vw, 500px\" \/>\t\t\t\t\t\t\t\t\t\t\t\t\t\t\t<\/div>\n\t\t\t\t<\/div>\n\t\t\t\t<\/div>\n\t\t<div class=\"elementor-element elementor-element-bd4e40d e-con-full e-flex e-con e-child\" data-id=\"bd4e40d\" data-element_type=\"container\">\n\t\t\t\t<div class=\"elementor-element elementor-element-6262402 elementor-widget elementor-widget-heading\" data-id=\"6262402\" data-element_type=\"widget\" data-widget_type=\"heading.default\">\n\t\t\t\t<div class=\"elementor-widget-container\">\n\t\t\t\t\t<h2 class=\"elementor-heading-title elementor-size-default\">PR\u00d3XIMAS FECHAS \n<\/h2>\t\t\t\t<\/div>\n\t\t\t\t<\/div>\n\t\t\t\t<div class=\"elementor-element elementor-element-d5d3516 elementor-widget elementor-widget-text-editor\" data-id=\"d5d3516\" data-element_type=\"widget\" data-widget_type=\"text-editor.default\">\n\t\t\t\t<div class=\"elementor-widget-container\">\n\t\t\t\t\t\t\t\t\t<p>Por determinar.\u00a0<\/p>\t\t\t\t\t\t\t\t<\/div>\n\t\t\t\t<\/div>\n\t\t\t\t<div class=\"elementor-element elementor-element-7df4401 elementor-align-center elementor-widget elementor-widget-button\" data-id=\"7df4401\" data-element_type=\"widget\" data-widget_type=\"button.default\">\n\t\t\t\t<div class=\"elementor-widget-container\">\n\t\t\t\t\t\t\t\t\t<div class=\"elementor-button-wrapper\">\n\t\t\t\t\t<a class=\"elementor-button elementor-button-link elementor-size-sm\" href=\"https:\/\/wa.me\/5493875852111\" target=\"_blank\">\n\t\t\t\t\t\t<span class=\"elementor-button-content-wrapper\">\n\t\t\t\t\t\t<span class=\"elementor-button-icon\">\n\t\t\t\t<svg aria-hidden=\"true\" class=\"e-font-icon-svg e-fab-whatsapp\" viewBox=\"0 0 448 512\" xmlns=\"http:\/\/www.w3.org\/2000\/svg\"><path d=\"M380.9 97.1C339 55.1 283.2 32 223.9 32c-122.4 0-222 99.6-222 222 0 39.1 10.2 77.3 29.6 111L0 480l117.7-30.9c32.4 17.7 68.9 27 106.1 27h.1c122.3 0 224.1-99.6 224.1-222 0-59.3-25.2-115-67.1-157zm-157 341.6c-33.2 0-65.7-8.9-94-25.7l-6.7-4-69.8 18.3L72 359.2l-4.4-7c-18.5-29.4-28.2-63.3-28.2-98.2 0-101.7 82.8-184.5 184.6-184.5 49.3 0 95.6 19.2 130.4 54.1 34.8 34.9 56.2 81.2 56.1 130.5 0 101.8-84.9 184.6-186.6 184.6zm101.2-138.2c-5.5-2.8-32.8-16.2-37.9-18-5.1-1.9-8.8-2.8-12.5 2.8-3.7 5.6-14.3 18-17.6 21.8-3.2 3.7-6.5 4.2-12 1.4-32.6-16.3-54-29.1-75.5-66-5.7-9.8 5.7-9.1 16.3-30.3 1.8-3.7.9-6.9-.5-9.7-1.4-2.8-12.5-30.1-17.1-41.2-4.5-10.8-9.1-9.3-12.5-9.5-3.2-.2-6.9-.2-10.6-.2-3.7 0-9.7 1.4-14.8 6.9-5.1 5.6-19.4 19-19.4 46.3 0 27.3 19.9 53.7 22.6 57.4 2.8 3.7 39.1 59.7 94.8 83.8 35.2 15.2 49 16.5 66.6 13.9 10.7-1.6 32.8-13.4 37.4-26.4 4.6-13 4.6-24.1 3.2-26.4-1.3-2.5-5-3.9-10.5-6.6z\"><\/path><\/svg>\t\t\t<\/span>\n\t\t\t\t\t\t\t\t\t<span class=\"elementor-button-text\"> Ll\u00e1manos para m\u00e1s informaci\u00f3n<\/span>\n\t\t\t\t\t<\/span>\n\t\t\t\t\t<\/a>\n\t\t\t\t<\/div>\n\t\t\t\t\t\t\t\t<\/div>\n\t\t\t\t<\/div>\n\t\t\t\t<\/div>\n\t\t\t\t<\/div>\n\t\t\t\t\t<\/div>\n\t\t\t\t<\/div>\n\t\t\t\t<\/div>\n\t\t","protected":false},"excerpt":{"rendered":"<p>Laboratorio de Maestros FORMACIONES AVANZADAS Un espacio sagrado de gu\u00eda, encuentro y refinamiento interior, concebido para profundizar en la propia esencia y actualizar el rol del maestro en los tiempos contempor\u00e1neos. Este laboratorio ha sido dise\u00f1ado para aquellos que sienten el llamado de trabajar en s\u00ed mismos de manera honesta, amorosa y comprometida con la [&hellip;]<\/p>\n","protected":false},"author":1,"featured_media":0,"parent":0,"menu_order":0,"comment_status":"closed","ping_status":"closed","template":"","meta":{"pmpro_default_level":"","footnotes":""},"class_list":["post-1672","page","type-page","status-publish","hentry","pmpro-has-access"],"_links":{"self":[{"href":"https:\/\/kundalinitribe.com\/en\/wp-json\/wp\/v2\/pages\/1672","targetHints":{"allow":["GET"]}}],"collection":[{"href":"https:\/\/kundalinitribe.com\/en\/wp-json\/wp\/v2\/pages"}],"about":[{"href":"https:\/\/kundalinitribe.com\/en\/wp-json\/wp\/v2\/types\/page"}],"author":[{"embeddable":true,"href":"https:\/\/kundalinitribe.com\/en\/wp-json\/wp\/v2\/users\/1"}],"replies":[{"embeddable":true,"href":"https:\/\/kundalinitribe.com\/en\/wp-json\/wp\/v2\/comments?post=1672"}],"version-history":[{"count":1,"href":"https:\/\/kundalinitribe.com\/en\/wp-json\/wp\/v2\/pages\/1672\/revisions"}],"predecessor-version":[{"id":1678,"href":"https:\/\/kundalinitribe.com\/en\/wp-json\/wp\/v2\/pages\/1672\/revisions\/1678"}],"wp:attachment":[{"href":"https:\/\/kundalinitribe.com\/en\/wp-json\/wp\/v2\/media?parent=1672"}],"curies":[{"name":"wp","href":"https:\/\/api.w.org\/{rel}","templated":true}]}}