{"id":1679,"date":"2025-05-18T16:26:50","date_gmt":"2025-05-18T16:26:50","guid":{"rendered":"https:\/\/kundalinitribe.com\/21-stages-of-meditation\/"},"modified":"2026-01-17T22:09:20","modified_gmt":"2026-01-17T22:09:20","slug":"21-stages-of-meditation","status":"publish","type":"page","link":"https:\/\/kundalinitribe.com\/en\/21-stages-of-meditation\/","title":{"rendered":"21 STAGES OF MEDITATION"},"content":{"rendered":"\t\t<div data-elementor-type=\"wp-page\" data-elementor-id=\"1679\" class=\"elementor elementor-1679 elementor-371\" data-elementor-post-type=\"page\">\n\t\t\t\t<div class=\"elementor-element elementor-element-1c62de4 e-flex e-con-boxed e-con e-parent\" data-id=\"1c62de4\" data-element_type=\"container\" data-settings=\"{&quot;background_background&quot;:&quot;video&quot;,&quot;shape_divider_bottom&quot;:&quot;arrow&quot;}\">\n\t\t\t\t\t<div class=\"e-con-inner\">\n\t\t\t\t<div class=\"elementor-shape elementor-shape-bottom\" aria-hidden=\"true\" data-negative=\"false\">\n\t\t\t<svg xmlns=\"http:\/\/www.w3.org\/2000\/svg\" viewBox=\"0 0 700 10\" preserveAspectRatio=\"none\">\n\t<path class=\"elementor-shape-fill\" d=\"M350,10L340,0h20L350,10z\"\/>\n<\/svg>\t\t<\/div>\n\t\t<div class=\"elementor-element elementor-element-7c9b69e e-con-full e-flex e-con e-child\" data-id=\"7c9b69e\" data-element_type=\"container\">\n\t\t\t\t<div class=\"elementor-element elementor-element-30fc42a elementor-widget elementor-widget-image\" data-id=\"30fc42a\" data-element_type=\"widget\" data-widget_type=\"image.default\">\n\t\t\t\t<div class=\"elementor-widget-container\">\n\t\t\t\t\t\t\t\t\t\t\t\t\t\t\t<img fetchpriority=\"high\" decoding=\"async\" width=\"800\" height=\"800\" src=\"https:\/\/kundalinitribe.com\/wp-content\/uploads\/2025\/06\/ELEMENTS-04-white-1024x1024.png\" class=\"attachment-large size-large wp-image-1680\" alt=\"\" srcset=\"https:\/\/kundalinitribe.com\/wp-content\/uploads\/2025\/06\/ELEMENTS-04-white-1024x1024.png 1024w, https:\/\/kundalinitribe.com\/wp-content\/uploads\/2025\/06\/ELEMENTS-04-white-300x300.png 300w, https:\/\/kundalinitribe.com\/wp-content\/uploads\/2025\/06\/ELEMENTS-04-white-150x150.png 150w, https:\/\/kundalinitribe.com\/wp-content\/uploads\/2025\/06\/ELEMENTS-04-white-768x768.png 768w, https:\/\/kundalinitribe.com\/wp-content\/uploads\/2025\/06\/ELEMENTS-04-white-1536x1536.png 1536w, https:\/\/kundalinitribe.com\/wp-content\/uploads\/2025\/06\/ELEMENTS-04-white-2048x2048.png 2048w, https:\/\/kundalinitribe.com\/wp-content\/uploads\/2025\/06\/ELEMENTS-04-white-600x600.png 600w, https:\/\/kundalinitribe.com\/wp-content\/uploads\/2025\/06\/ELEMENTS-04-white-100x100.png 100w\" sizes=\"(max-width: 800px) 100vw, 800px\" \/>\t\t\t\t\t\t\t\t\t\t\t\t\t\t\t<\/div>\n\t\t\t\t<\/div>\n\t\t\t\t<\/div>\n\t\t<div class=\"elementor-element elementor-element-f11fd17 e-con-full e-flex e-con e-child\" data-id=\"f11fd17\" data-element_type=\"container\">\n\t\t\t\t<div class=\"elementor-element elementor-element-0049558 elementor-widget elementor-widget-heading\" data-id=\"0049558\" data-element_type=\"widget\" data-widget_type=\"heading.default\">\n\t\t\t\t<div class=\"elementor-widget-container\">\n\t\t\t\t\t<h2 class=\"elementor-heading-title elementor-size-default\">21 Etapas de la Meditaci\u00f3n<\/h2>\t\t\t\t<\/div>\n\t\t\t\t<\/div>\n\t\t\t\t<div class=\"elementor-element elementor-element-9774b8c elementor-widget elementor-widget-text-editor\" data-id=\"9774b8c\" data-element_type=\"widget\" data-widget_type=\"text-editor.default\">\n\t\t\t\t<div class=\"elementor-widget-container\">\n\t\t\t\t\t\t\t\t\t<h2>FORMACIONES AVANZADAS<\/h2>\t\t\t\t\t\t\t\t<\/div>\n\t\t\t\t<\/div>\n\t\t\t\t<\/div>\n\t\t\t\t\t<\/div>\n\t\t\t\t<\/div>\n\t\t<div class=\"elementor-element elementor-element-c370c62 e-flex e-con-boxed e-con e-parent\" data-id=\"c370c62\" data-element_type=\"container\">\n\t\t\t\t\t<div class=\"e-con-inner\">\n\t\t\t\t<div class=\"elementor-element elementor-element-dde543d elementor-widget elementor-widget-heading\" data-id=\"dde543d\" data-element_type=\"widget\" data-widget_type=\"heading.default\">\n\t\t\t\t<div class=\"elementor-widget-container\">\n\t\t\t\t\t<h2 class=\"elementor-heading-title elementor-size-default\">Un curso de profundizaci\u00f3n y especializaci\u00f3n, parte del programa de Nivel 3 de KRI.\n<\/h2>\t\t\t\t<\/div>\n\t\t\t\t<\/div>\n\t\t\t\t<div class=\"elementor-element elementor-element-9824a74 elementor-widget elementor-widget-text-editor\" data-id=\"9824a74\" data-element_type=\"widget\" data-widget_type=\"text-editor.default\">\n\t\t\t\t<div class=\"elementor-widget-container\">\n\t\t\t\t\t\t\t\t\t<p>El Nivel Tres no es una meta, sino un llamado interior.<\/p><p>Un espacio de maduraci\u00f3n espiritual donde el camino se vuelve m\u00e1s silencioso, m\u00e1s \u00edntimo, m\u00e1s esencial.<br \/>Uno de los pilares de este nivel es la auto-iniciaci\u00f3n: reconocemos que solo el ser puede autoreconocerse como maestro. Solo t\u00fa puedes iniciarte en el compromiso m\u00e1s elevado contigo mismo.<br \/>Como maestro de Kundalini Yoga, abrazas el aprendizaje como un viaje sin fin.<\/p><p>Te entregas a la auto-observaci\u00f3n constante y al servicio como expresi\u00f3n sagrada de tu evoluci\u00f3n.<\/p>\t\t\t\t\t\t\t\t<\/div>\n\t\t\t\t<\/div>\n\t\t\t\t\t<\/div>\n\t\t\t\t<\/div>\n\t\t<div class=\"elementor-element elementor-element-8e66ec6 e-flex e-con-boxed e-con e-parent\" data-id=\"8e66ec6\" data-element_type=\"container\" data-settings=\"{&quot;background_background&quot;:&quot;classic&quot;,&quot;shape_divider_top&quot;:&quot;arrow&quot;,&quot;shape_divider_bottom&quot;:&quot;arrow&quot;}\">\n\t\t\t\t\t<div class=\"e-con-inner\">\n\t\t\t\t<div class=\"elementor-shape elementor-shape-top\" aria-hidden=\"true\" data-negative=\"false\">\n\t\t\t<svg xmlns=\"http:\/\/www.w3.org\/2000\/svg\" viewBox=\"0 0 700 10\" preserveAspectRatio=\"none\">\n\t<path class=\"elementor-shape-fill\" d=\"M350,10L340,0h20L350,10z\"\/>\n<\/svg>\t\t<\/div>\n\t\t\t\t<div class=\"elementor-shape elementor-shape-bottom\" aria-hidden=\"true\" data-negative=\"false\">\n\t\t\t<svg xmlns=\"http:\/\/www.w3.org\/2000\/svg\" viewBox=\"0 0 700 10\" preserveAspectRatio=\"none\">\n\t<path class=\"elementor-shape-fill\" d=\"M350,10L340,0h20L350,10z\"\/>\n<\/svg>\t\t<\/div>\n\t\t<div class=\"elementor-element elementor-element-46d55f7 e-con-full e-flex e-con e-child\" data-id=\"46d55f7\" data-element_type=\"container\">\n\t\t\t\t<div class=\"elementor-element elementor-element-33244f5 elementor-widget elementor-widget-heading\" data-id=\"33244f5\" data-element_type=\"widget\" data-widget_type=\"heading.default\">\n\t\t\t\t<div class=\"elementor-widget-container\">\n\t\t\t\t\t<h2 class=\"elementor-heading-title elementor-size-default\">21 ETAPAS DE LA MEDITACI\u00d3N<\/h2>\t\t\t\t<\/div>\n\t\t\t\t<\/div>\n\t\t\t\t<div class=\"elementor-element elementor-element-6a88c5a elementor-widget elementor-widget-text-editor\" data-id=\"6a88c5a\" data-element_type=\"widget\" data-widget_type=\"text-editor.default\">\n\t\t\t\t<div class=\"elementor-widget-container\">\n\t\t\t\t\t\t\t\t\t<p>Durante 40 d\u00edas cultivaremos un espacio sutil y contenido donde podr\u00e1s activar y explorar nuevas dimensiones de tu pr\u00e1ctica meditativa. Este no es un curso meramente te\u00f3rico: la verdadera ense\u00f1anza nace de la experiencia encarnada, de la pr\u00e1ctica compartida y del sost\u00e9n amoroso de una comunidad comprometida.<\/p><p>Creemos que los contenidos espirituales m\u00e1s profundos s\u00f3lo pueden ser transmitidos con autenticidad cuando hay presencia, contenci\u00f3n y conexi\u00f3n genuina. Por eso, ofreceremos 40 d\u00edas de pr\u00e1ctica meditativa continua, sostenida por la escuela y una comunidad que camina junta.<\/p><p>Exploraremos meditaciones prolongadas que nos permitir\u00e1n saborear y reconocer las capas m\u00e1s delicadas de nuestro ser interior, en un viaje \u00edntimo y colectivo hacia el silencio y la expansi\u00f3n.<\/p>\t\t\t\t\t\t\t\t<\/div>\n\t\t\t\t<\/div>\n\t\t\t\t<\/div>\n\t\t\t\t\t<\/div>\n\t\t\t\t<\/div>\n\t\t<div class=\"elementor-element elementor-element-8c19447 e-flex e-con-boxed e-con e-parent\" data-id=\"8c19447\" data-element_type=\"container\">\n\t\t\t\t\t<div class=\"e-con-inner\">\n\t\t\t\t<div class=\"elementor-element elementor-element-6262402 elementor-widget elementor-widget-heading\" data-id=\"6262402\" data-element_type=\"widget\" data-widget_type=\"heading.default\">\n\t\t\t\t<div class=\"elementor-widget-container\">\n\t\t\t\t\t<h2 class=\"elementor-heading-title elementor-size-default\">PR\u00d3XIMAS FECHAS \n<\/h2>\t\t\t\t<\/div>\n\t\t\t\t<\/div>\n\t\t<div class=\"elementor-element elementor-element-563b264 e-con-full e-flex e-con e-child\" data-id=\"563b264\" data-element_type=\"container\">\n\t\t<div class=\"elementor-element elementor-element-bf2cb58 e-con-full e-flex e-con e-child\" data-id=\"bf2cb58\" data-element_type=\"container\">\n\t\t\t\t<div class=\"elementor-element elementor-element-f2f181c elementor-widget__width-initial elementor-widget elementor-widget-video\" data-id=\"f2f181c\" data-element_type=\"widget\" data-settings=\"{&quot;youtube_url&quot;:&quot;https:\\\/\\\/youtu.be\\\/wYzo33Uq8ow&quot;,&quot;autoplay&quot;:&quot;yes&quot;,&quot;play_on_mobile&quot;:&quot;yes&quot;,&quot;loop&quot;:&quot;yes&quot;,&quot;video_type&quot;:&quot;youtube&quot;,&quot;controls&quot;:&quot;yes&quot;}\" data-widget_type=\"video.default\">\n\t\t\t\t<div class=\"elementor-widget-container\">\n\t\t\t\t\t\t\t<div class=\"elementor-wrapper elementor-open-inline\">\n\t\t\t<div class=\"elementor-video\"><\/div>\t\t<\/div>\n\t\t\t\t\t\t<\/div>\n\t\t\t\t<\/div>\n\t\t\t\t<\/div>\n\t\t<div class=\"elementor-element elementor-element-bd4e40d e-con-full e-flex e-con e-child\" data-id=\"bd4e40d\" data-element_type=\"container\">\n\t\t\t\t<div class=\"elementor-element elementor-element-b905f0d elementor-widget elementor-widget-heading\" data-id=\"b905f0d\" data-element_type=\"widget\" data-widget_type=\"heading.default\">\n\t\t\t\t<div class=\"elementor-widget-container\">\n\t\t\t\t\t<h2 class=\"elementor-heading-title elementor-size-default\">Duraci\u00f3n:<\/h2>\t\t\t\t<\/div>\n\t\t\t\t<\/div>\n\t\t\t\t<div class=\"elementor-element elementor-element-64ed48c elementor-widget elementor-widget-text-editor\" data-id=\"64ed48c\" data-element_type=\"widget\" data-widget_type=\"text-editor.default\">\n\t\t\t\t<div class=\"elementor-widget-container\">\n\t\t\t\t\t\t\t\t\t<p>6 sesiones distribuidas en 6 s\u00e1bados.<\/p><p>Desde el primer encuentro, abriremos el espacio con meditaci\u00f3n y corriente de sonido para afinar nuestra receptividad y alinearnos con la frecuencia del curso.<\/p>\t\t\t\t\t\t\t\t<\/div>\n\t\t\t\t<\/div>\n\t\t\t\t<div class=\"elementor-element elementor-element-2c63ac6 elementor-widget elementor-widget-heading\" data-id=\"2c63ac6\" data-element_type=\"widget\" data-widget_type=\"heading.default\">\n\t\t\t\t<div class=\"elementor-widget-container\">\n\t\t\t\t\t<h2 class=\"elementor-heading-title elementor-size-default\">Costo:<\/h2>\t\t\t\t<\/div>\n\t\t\t\t<\/div>\n\t\t\t\t<div class=\"elementor-element elementor-element-8266a3e elementor-widget elementor-widget-text-editor\" data-id=\"8266a3e\" data-element_type=\"widget\" data-widget_type=\"text-editor.default\">\n\t\t\t\t<div class=\"elementor-widget-container\">\n\t\t\t\t\t\t\t\t\t<p><span style=\"background-color: transparent;\">333 USD (fuera de argentina) <\/span><\/p><p><span style=\"background-color: transparent;\">222 usd (dentro de argentina)<\/span><\/p>\t\t\t\t\t\t\t\t<\/div>\n\t\t\t\t<\/div>\n\t\t\t\t<div class=\"elementor-element elementor-element-6eea729 elementor-widget elementor-widget-heading\" data-id=\"6eea729\" data-element_type=\"widget\" data-widget_type=\"heading.default\">\n\t\t\t\t<div class=\"elementor-widget-container\">\n\t\t\t\t\t<h2 class=\"elementor-heading-title elementor-size-default\">Fechas:<\/h2>\t\t\t\t<\/div>\n\t\t\t\t<\/div>\n\t\t\t\t<div class=\"elementor-element elementor-element-d5d3516 elementor-widget elementor-widget-text-editor\" data-id=\"d5d3516\" data-element_type=\"widget\" data-widget_type=\"text-editor.default\">\n\t\t\t\t<div class=\"elementor-widget-container\">\n\t\t\t\t\t\t\t\t\t<p>POR DEFINIR<\/p>\t\t\t\t\t\t\t\t<\/div>\n\t\t\t\t<\/div>\n\t\t\t\t<div class=\"elementor-element elementor-element-7df4401 elementor-align-center elementor-widget elementor-widget-button\" data-id=\"7df4401\" data-element_type=\"widget\" data-widget_type=\"button.default\">\n\t\t\t\t<div class=\"elementor-widget-container\">\n\t\t\t\t\t\t\t\t\t<div class=\"elementor-button-wrapper\">\n\t\t\t\t\t<a class=\"elementor-button elementor-button-link elementor-size-sm\" href=\"https:\/\/wa.me\/5493875852111\" target=\"_blank\">\n\t\t\t\t\t\t<span class=\"elementor-button-content-wrapper\">\n\t\t\t\t\t\t<span class=\"elementor-button-icon\">\n\t\t\t\t<svg aria-hidden=\"true\" class=\"e-font-icon-svg e-fab-whatsapp\" viewBox=\"0 0 448 512\" xmlns=\"http:\/\/www.w3.org\/2000\/svg\"><path d=\"M380.9 97.1C339 55.1 283.2 32 223.9 32c-122.4 0-222 99.6-222 222 0 39.1 10.2 77.3 29.6 111L0 480l117.7-30.9c32.4 17.7 68.9 27 106.1 27h.1c122.3 0 224.1-99.6 224.1-222 0-59.3-25.2-115-67.1-157zm-157 341.6c-33.2 0-65.7-8.9-94-25.7l-6.7-4-69.8 18.3L72 359.2l-4.4-7c-18.5-29.4-28.2-63.3-28.2-98.2 0-101.7 82.8-184.5 184.6-184.5 49.3 0 95.6 19.2 130.4 54.1 34.8 34.9 56.2 81.2 56.1 130.5 0 101.8-84.9 184.6-186.6 184.6zm101.2-138.2c-5.5-2.8-32.8-16.2-37.9-18-5.1-1.9-8.8-2.8-12.5 2.8-3.7 5.6-14.3 18-17.6 21.8-3.2 3.7-6.5 4.2-12 1.4-32.6-16.3-54-29.1-75.5-66-5.7-9.8 5.7-9.1 16.3-30.3 1.8-3.7.9-6.9-.5-9.7-1.4-2.8-12.5-30.1-17.1-41.2-4.5-10.8-9.1-9.3-12.5-9.5-3.2-.2-6.9-.2-10.6-.2-3.7 0-9.7 1.4-14.8 6.9-5.1 5.6-19.4 19-19.4 46.3 0 27.3 19.9 53.7 22.6 57.4 2.8 3.7 39.1 59.7 94.8 83.8 35.2 15.2 49 16.5 66.6 13.9 10.7-1.6 32.8-13.4 37.4-26.4 4.6-13 4.6-24.1 3.2-26.4-1.3-2.5-5-3.9-10.5-6.6z\"><\/path><\/svg>\t\t\t<\/span>\n\t\t\t\t\t\t\t\t\t<span class=\"elementor-button-text\"> Ll\u00e1manos para m\u00e1s informaci\u00f3n<\/span>\n\t\t\t\t\t<\/span>\n\t\t\t\t\t<\/a>\n\t\t\t\t<\/div>\n\t\t\t\t\t\t\t\t<\/div>\n\t\t\t\t<\/div>\n\t\t\t\t<\/div>\n\t\t\t\t<\/div>\n\t\t\t\t\t<\/div>\n\t\t\t\t<\/div>\n\t\t\t\t<\/div>\n\t\t","protected":false},"excerpt":{"rendered":"<p>21 Etapas de la Meditaci\u00f3n FORMACIONES AVANZADAS Un curso de profundizaci\u00f3n y especializaci\u00f3n, parte del programa de Nivel 3 de KRI. El Nivel Tres no es una meta, sino un llamado interior. Un espacio de maduraci\u00f3n espiritual donde el camino se vuelve m\u00e1s silencioso, m\u00e1s \u00edntimo, m\u00e1s esencial.Uno de los pilares de este nivel es [&hellip;]<\/p>\n","protected":false},"author":1,"featured_media":0,"parent":0,"menu_order":0,"comment_status":"closed","ping_status":"closed","template":"","meta":{"pmpro_default_level":"","footnotes":""},"class_list":["post-1679","page","type-page","status-publish","hentry","pmpro-has-access"],"_links":{"self":[{"href":"https:\/\/kundalinitribe.com\/en\/wp-json\/wp\/v2\/pages\/1679","targetHints":{"allow":["GET"]}}],"collection":[{"href":"https:\/\/kundalinitribe.com\/en\/wp-json\/wp\/v2\/pages"}],"about":[{"href":"https:\/\/kundalinitribe.com\/en\/wp-json\/wp\/v2\/types\/page"}],"author":[{"embeddable":true,"href":"https:\/\/kundalinitribe.com\/en\/wp-json\/wp\/v2\/users\/1"}],"replies":[{"embeddable":true,"href":"https:\/\/kundalinitribe.com\/en\/wp-json\/wp\/v2\/comments?post=1679"}],"version-history":[{"count":1,"href":"https:\/\/kundalinitribe.com\/en\/wp-json\/wp\/v2\/pages\/1679\/revisions"}],"predecessor-version":[{"id":1681,"href":"https:\/\/kundalinitribe.com\/en\/wp-json\/wp\/v2\/pages\/1679\/revisions\/1681"}],"wp:attachment":[{"href":"https:\/\/kundalinitribe.com\/en\/wp-json\/wp\/v2\/media?parent=1679"}],"curies":[{"name":"wp","href":"https:\/\/api.w.org\/{rel}","templated":true}]}}