{"id":1682,"date":"2025-03-22T21:32:02","date_gmt":"2025-03-22T21:32:02","guid":{"rendered":"https:\/\/kundalinitribe.com\/level-2\/"},"modified":"2026-01-17T22:09:20","modified_gmt":"2026-01-17T22:09:20","slug":"level-2","status":"publish","type":"page","link":"https:\/\/kundalinitribe.com\/en\/level-2\/","title":{"rendered":"Level 2"},"content":{"rendered":"\t\t<div data-elementor-type=\"wp-page\" data-elementor-id=\"1682\" class=\"elementor elementor-1682 elementor-271\" data-elementor-post-type=\"page\">\n\t\t\t\t<div class=\"elementor-element elementor-element-643f994 e-flex e-con-boxed e-con e-parent\" data-id=\"643f994\" data-element_type=\"container\" data-settings=\"{&quot;background_background&quot;:&quot;video&quot;,&quot;shape_divider_bottom&quot;:&quot;arrow&quot;}\">\n\t\t\t\t\t<div class=\"e-con-inner\">\n\t\t\t\t<div class=\"elementor-shape elementor-shape-bottom\" aria-hidden=\"true\" data-negative=\"false\">\n\t\t\t<svg xmlns=\"http:\/\/www.w3.org\/2000\/svg\" viewBox=\"0 0 700 10\" preserveAspectRatio=\"none\">\n\t<path class=\"elementor-shape-fill\" d=\"M350,10L340,0h20L350,10z\"\/>\n<\/svg>\t\t<\/div>\n\t\t<div class=\"elementor-element elementor-element-f9bbff2 e-con-full e-flex e-con e-child\" data-id=\"f9bbff2\" data-element_type=\"container\">\n\t\t\t\t<div class=\"elementor-element elementor-element-6b8b8de elementor-widget elementor-widget-image\" data-id=\"6b8b8de\" data-element_type=\"widget\" data-widget_type=\"image.default\">\n\t\t\t\t<div class=\"elementor-widget-container\">\n\t\t\t\t\t\t\t\t\t\t\t\t\t\t\t<img fetchpriority=\"high\" decoding=\"async\" width=\"800\" height=\"800\" src=\"https:\/\/kundalinitribe.com\/wp-content\/uploads\/2025\/06\/ELEMENTS-02-white-1024x1024.png\" class=\"attachment-large size-large wp-image-1685\" alt=\"\" srcset=\"https:\/\/kundalinitribe.com\/wp-content\/uploads\/2025\/06\/ELEMENTS-02-white-1024x1024.png 1024w, https:\/\/kundalinitribe.com\/wp-content\/uploads\/2025\/06\/ELEMENTS-02-white-300x300.png 300w, https:\/\/kundalinitribe.com\/wp-content\/uploads\/2025\/06\/ELEMENTS-02-white-150x150.png 150w, https:\/\/kundalinitribe.com\/wp-content\/uploads\/2025\/06\/ELEMENTS-02-white-768x768.png 768w, https:\/\/kundalinitribe.com\/wp-content\/uploads\/2025\/06\/ELEMENTS-02-white-1536x1536.png 1536w, https:\/\/kundalinitribe.com\/wp-content\/uploads\/2025\/06\/ELEMENTS-02-white-2048x2048.png 2048w, https:\/\/kundalinitribe.com\/wp-content\/uploads\/2025\/06\/ELEMENTS-02-white-600x600.png 600w, https:\/\/kundalinitribe.com\/wp-content\/uploads\/2025\/06\/ELEMENTS-02-white-100x100.png 100w\" sizes=\"(max-width: 800px) 100vw, 800px\" \/>\t\t\t\t\t\t\t\t\t\t\t\t\t\t\t<\/div>\n\t\t\t\t<\/div>\n\t\t\t\t<\/div>\n\t\t<div class=\"elementor-element elementor-element-72ed37c e-con-full e-flex e-con e-child\" data-id=\"72ed37c\" data-element_type=\"container\">\n\t\t\t\t<div class=\"elementor-element elementor-element-d16c599 elementor-widget elementor-widget-heading\" data-id=\"d16c599\" data-element_type=\"widget\" data-widget_type=\"heading.default\">\n\t\t\t\t<div class=\"elementor-widget-container\">\n\t\t\t\t\t<h2 class=\"elementor-heading-title elementor-size-default\">Formaci\u00f3n Kundalini Yoga 300 Horas<\/h2>\t\t\t\t<\/div>\n\t\t\t\t<\/div>\n\t\t\t\t<div class=\"elementor-element elementor-element-cd32fed elementor-widget elementor-widget-text-editor\" data-id=\"cd32fed\" data-element_type=\"widget\" data-widget_type=\"text-editor.default\">\n\t\t\t\t<div class=\"elementor-widget-container\">\n\t\t\t\t\t\t\t\t\t<h2>FORMACIONES AVANZADAS\u200b<\/h2>\t\t\t\t\t\t\t\t<\/div>\n\t\t\t\t<\/div>\n\t\t\t\t<\/div>\n\t\t\t\t\t<\/div>\n\t\t\t\t<\/div>\n\t\t<div class=\"elementor-element elementor-element-c370c62 e-flex e-con-boxed e-con e-parent\" data-id=\"c370c62\" data-element_type=\"container\">\n\t\t\t\t\t<div class=\"e-con-inner\">\n\t\t\t\t<div class=\"elementor-element elementor-element-dde543d elementor-widget elementor-widget-heading\" data-id=\"dde543d\" data-element_type=\"widget\" data-widget_type=\"heading.default\">\n\t\t\t\t<div class=\"elementor-widget-container\">\n\t\t\t\t\t<h2 class=\"elementor-heading-title elementor-size-default\">Un viaje hacia la expansi\u00f3n interior, la madurez espiritual y la verdadera maestr\u00eda.\n<\/h2>\t\t\t\t<\/div>\n\t\t\t\t<\/div>\n\t\t\t\t<div class=\"elementor-element elementor-element-9824a74 elementor-widget elementor-widget-text-editor\" data-id=\"9824a74\" data-element_type=\"widget\" data-widget_type=\"text-editor.default\">\n\t\t\t\t<div class=\"elementor-widget-container\">\n\t\t\t\t\t\t\t\t\t<p>El curso de 300 Horas es una invitaci\u00f3n a ir m\u00e1s all\u00e1 de la t\u00e9cnica para habitar plenamente el camino del maestro. Es un proceso de transformaci\u00f3n profunda, donde las ense\u00f1anzas de Kundalini Yoga se encarnan, se integran, y se vuelven una expresi\u00f3n viva de quien eres.<br \/>Aqu\u00ed, el compromiso se vuelve consciencia, la pr\u00e1ctica se vuelve presencia, y el maestro se revela desde adentro.<\/p>\t\t\t\t\t\t\t\t<\/div>\n\t\t\t\t<\/div>\n\t\t\t\t\t<\/div>\n\t\t\t\t<\/div>\n\t\t<div class=\"elementor-element elementor-element-ba0e86b e-flex e-con-boxed e-con e-parent\" data-id=\"ba0e86b\" data-element_type=\"container\">\n\t\t\t\t\t<div class=\"e-con-inner\">\n\t\t<div class=\"elementor-element elementor-element-29c0830 e-con-full e-flex e-con e-child\" data-id=\"29c0830\" data-element_type=\"container\">\n\t\t\t\t<div class=\"elementor-element elementor-element-e99744f elementor-widget__width-initial elementor-widget elementor-widget-image\" data-id=\"e99744f\" data-element_type=\"widget\" data-widget_type=\"image.default\">\n\t\t\t\t<div class=\"elementor-widget-container\">\n\t\t\t\t\t\t\t\t\t\t\t\t\t\t\t<img decoding=\"async\" width=\"800\" height=\"800\" src=\"https:\/\/kundalinitribe.com\/wp-content\/uploads\/2025\/06\/ELEMENTS-12-pink-1024x1024.png\" class=\"attachment-large size-large wp-image-1686\" alt=\"\" srcset=\"https:\/\/kundalinitribe.com\/wp-content\/uploads\/2025\/06\/ELEMENTS-12-pink-1024x1024.png 1024w, https:\/\/kundalinitribe.com\/wp-content\/uploads\/2025\/06\/ELEMENTS-12-pink-300x300.png 300w, https:\/\/kundalinitribe.com\/wp-content\/uploads\/2025\/06\/ELEMENTS-12-pink-150x150.png 150w, https:\/\/kundalinitribe.com\/wp-content\/uploads\/2025\/06\/ELEMENTS-12-pink-768x768.png 768w, https:\/\/kundalinitribe.com\/wp-content\/uploads\/2025\/06\/ELEMENTS-12-pink-1536x1536.png 1536w, https:\/\/kundalinitribe.com\/wp-content\/uploads\/2025\/06\/ELEMENTS-12-pink-2048x2048.png 2048w, https:\/\/kundalinitribe.com\/wp-content\/uploads\/2025\/06\/ELEMENTS-12-pink-600x600.png 600w, https:\/\/kundalinitribe.com\/wp-content\/uploads\/2025\/06\/ELEMENTS-12-pink-100x100.png 100w\" sizes=\"(max-width: 800px) 100vw, 800px\" \/>\t\t\t\t\t\t\t\t\t\t\t\t\t\t\t<\/div>\n\t\t\t\t<\/div>\n\t\t\t\t<\/div>\n\t\t<div class=\"elementor-element elementor-element-bb9116f e-con-full e-flex e-con e-child\" data-id=\"bb9116f\" data-element_type=\"container\">\n\t\t\t\t<div class=\"elementor-element elementor-element-3fc05ce elementor-widget elementor-widget-heading\" data-id=\"3fc05ce\" data-element_type=\"widget\" data-widget_type=\"heading.default\">\n\t\t\t\t<div class=\"elementor-widget-container\">\n\t\t\t\t\t<h2 class=\"elementor-heading-title elementor-size-default\">ESTE CURSO ES PARA TI SI SIENTES EL LLAMADO A:\n\n<\/h2>\t\t\t\t<\/div>\n\t\t\t\t<\/div>\n\t\t\t\t<div class=\"elementor-element elementor-element-97c3106 elementor-icon-list--layout-traditional elementor-list-item-link-full_width elementor-widget elementor-widget-icon-list\" data-id=\"97c3106\" data-element_type=\"widget\" data-widget_type=\"icon-list.default\">\n\t\t\t\t<div class=\"elementor-widget-container\">\n\t\t\t\t\t\t\t<ul class=\"elementor-icon-list-items\">\n\t\t\t\t\t\t\t<li class=\"elementor-icon-list-item\">\n\t\t\t\t\t\t\t\t\t\t\t<span class=\"elementor-icon-list-icon\">\n\t\t\t\t\t\t\t<svg aria-hidden=\"true\" class=\"e-font-icon-svg e-fas-leaf\" viewBox=\"0 0 576 512\" xmlns=\"http:\/\/www.w3.org\/2000\/svg\"><path d=\"M546.2 9.7c-5.6-12.5-21.6-13-28.3-1.2C486.9 62.4 431.4 96 368 96h-80C182 96 96 182 96 288c0 7 .8 13.7 1.5 20.5C161.3 262.8 253.4 224 384 224c8.8 0 16 7.2 16 16s-7.2 16-16 16C132.6 256 26 410.1 2.4 468c-6.6 16.3 1.2 34.9 17.5 41.6 16.4 6.8 35-1.1 41.8-17.3 1.5-3.6 20.9-47.9 71.9-90.6 32.4 43.9 94 85.8 174.9 77.2C465.5 467.5 576 326.7 576 154.3c0-50.2-10.8-102.2-29.8-144.6z\"><\/path><\/svg>\t\t\t\t\t\t<\/span>\n\t\t\t\t\t\t\t\t\t\t<span class=\"elementor-icon-list-text\">Cultivar h\u00e1bitos conscientes que nutran tu vida interior y exterior.<\/span>\n\t\t\t\t\t\t\t\t\t<\/li>\n\t\t\t\t\t\t\t\t<li class=\"elementor-icon-list-item\">\n\t\t\t\t\t\t\t\t\t\t\t<span class=\"elementor-icon-list-icon\">\n\t\t\t\t\t\t\t<svg aria-hidden=\"true\" class=\"e-font-icon-svg e-fas-leaf\" viewBox=\"0 0 576 512\" xmlns=\"http:\/\/www.w3.org\/2000\/svg\"><path d=\"M546.2 9.7c-5.6-12.5-21.6-13-28.3-1.2C486.9 62.4 431.4 96 368 96h-80C182 96 96 182 96 288c0 7 .8 13.7 1.5 20.5C161.3 262.8 253.4 224 384 224c8.8 0 16 7.2 16 16s-7.2 16-16 16C132.6 256 26 410.1 2.4 468c-6.6 16.3 1.2 34.9 17.5 41.6 16.4 6.8 35-1.1 41.8-17.3 1.5-3.6 20.9-47.9 71.9-90.6 32.4 43.9 94 85.8 174.9 77.2C465.5 467.5 576 326.7 576 154.3c0-50.2-10.8-102.2-29.8-144.6z\"><\/path><\/svg>\t\t\t\t\t\t<\/span>\n\t\t\t\t\t\t\t\t\t\t<span class=\"elementor-icon-list-text\">Encarnar las ense\u00f1anzas del yoga m\u00e1s all\u00e1 del mat.<\/span>\n\t\t\t\t\t\t\t\t\t<\/li>\n\t\t\t\t\t\t\t\t<li class=\"elementor-icon-list-item\">\n\t\t\t\t\t\t\t\t\t\t\t<span class=\"elementor-icon-list-icon\">\n\t\t\t\t\t\t\t<svg aria-hidden=\"true\" class=\"e-font-icon-svg e-fas-leaf\" viewBox=\"0 0 576 512\" xmlns=\"http:\/\/www.w3.org\/2000\/svg\"><path d=\"M546.2 9.7c-5.6-12.5-21.6-13-28.3-1.2C486.9 62.4 431.4 96 368 96h-80C182 96 96 182 96 288c0 7 .8 13.7 1.5 20.5C161.3 262.8 253.4 224 384 224c8.8 0 16 7.2 16 16s-7.2 16-16 16C132.6 256 26 410.1 2.4 468c-6.6 16.3 1.2 34.9 17.5 41.6 16.4 6.8 35-1.1 41.8-17.3 1.5-3.6 20.9-47.9 71.9-90.6 32.4 43.9 94 85.8 174.9 77.2C465.5 467.5 576 326.7 576 154.3c0-50.2-10.8-102.2-29.8-144.6z\"><\/path><\/svg>\t\t\t\t\t\t<\/span>\n\t\t\t\t\t\t\t\t\t\t<span class=\"elementor-icon-list-text\">Comprometerte con tu prop\u00f3sito m\u00e1s aut\u00e9ntico.<\/span>\n\t\t\t\t\t\t\t\t\t<\/li>\n\t\t\t\t\t\t\t\t<li class=\"elementor-icon-list-item\">\n\t\t\t\t\t\t\t\t\t\t\t<span class=\"elementor-icon-list-icon\">\n\t\t\t\t\t\t\t<svg aria-hidden=\"true\" class=\"e-font-icon-svg e-fas-leaf\" viewBox=\"0 0 576 512\" xmlns=\"http:\/\/www.w3.org\/2000\/svg\"><path d=\"M546.2 9.7c-5.6-12.5-21.6-13-28.3-1.2C486.9 62.4 431.4 96 368 96h-80C182 96 96 182 96 288c0 7 .8 13.7 1.5 20.5C161.3 262.8 253.4 224 384 224c8.8 0 16 7.2 16 16s-7.2 16-16 16C132.6 256 26 410.1 2.4 468c-6.6 16.3 1.2 34.9 17.5 41.6 16.4 6.8 35-1.1 41.8-17.3 1.5-3.6 20.9-47.9 71.9-90.6 32.4 43.9 94 85.8 174.9 77.2C465.5 467.5 576 326.7 576 154.3c0-50.2-10.8-102.2-29.8-144.6z\"><\/path><\/svg>\t\t\t\t\t\t<\/span>\n\t\t\t\t\t\t\t\t\t\t<span class=\"elementor-icon-list-text\">Rendirte a la transformaci\u00f3n como un acto de devoci\u00f3n.<\/span>\n\t\t\t\t\t\t\t\t\t<\/li>\n\t\t\t\t\t\t\t\t<li class=\"elementor-icon-list-item\">\n\t\t\t\t\t\t\t\t\t\t\t<span class=\"elementor-icon-list-icon\">\n\t\t\t\t\t\t\t<svg aria-hidden=\"true\" class=\"e-font-icon-svg e-fas-leaf\" viewBox=\"0 0 576 512\" xmlns=\"http:\/\/www.w3.org\/2000\/svg\"><path d=\"M546.2 9.7c-5.6-12.5-21.6-13-28.3-1.2C486.9 62.4 431.4 96 368 96h-80C182 96 96 182 96 288c0 7 .8 13.7 1.5 20.5C161.3 262.8 253.4 224 384 224c8.8 0 16 7.2 16 16s-7.2 16-16 16C132.6 256 26 410.1 2.4 468c-6.6 16.3 1.2 34.9 17.5 41.6 16.4 6.8 35-1.1 41.8-17.3 1.5-3.6 20.9-47.9 71.9-90.6 32.4 43.9 94 85.8 174.9 77.2C465.5 467.5 576 326.7 576 154.3c0-50.2-10.8-102.2-29.8-144.6z\"><\/path><\/svg>\t\t\t\t\t\t<\/span>\n\t\t\t\t\t\t\t\t\t\t<span class=\"elementor-icon-list-text\"> Expandir tu conciencia desde lo personal hacia lo universal.<\/span>\n\t\t\t\t\t\t\t\t\t<\/li>\n\t\t\t\t\t\t\t\t<li class=\"elementor-icon-list-item\">\n\t\t\t\t\t\t\t\t\t\t\t<span class=\"elementor-icon-list-icon\">\n\t\t\t\t\t\t\t<svg aria-hidden=\"true\" class=\"e-font-icon-svg e-fas-leaf\" viewBox=\"0 0 576 512\" xmlns=\"http:\/\/www.w3.org\/2000\/svg\"><path d=\"M546.2 9.7c-5.6-12.5-21.6-13-28.3-1.2C486.9 62.4 431.4 96 368 96h-80C182 96 96 182 96 288c0 7 .8 13.7 1.5 20.5C161.3 262.8 253.4 224 384 224c8.8 0 16 7.2 16 16s-7.2 16-16 16C132.6 256 26 410.1 2.4 468c-6.6 16.3 1.2 34.9 17.5 41.6 16.4 6.8 35-1.1 41.8-17.3 1.5-3.6 20.9-47.9 71.9-90.6 32.4 43.9 94 85.8 174.9 77.2C465.5 467.5 576 326.7 576 154.3c0-50.2-10.8-102.2-29.8-144.6z\"><\/path><\/svg>\t\t\t\t\t\t<\/span>\n\t\t\t\t\t\t\t\t\t\t<span class=\"elementor-icon-list-text\">Re-definir y elevar tu identidad como practicante y maestro.<\/span>\n\t\t\t\t\t\t\t\t\t<\/li>\n\t\t\t\t\t\t<\/ul>\n\t\t\t\t\t\t<\/div>\n\t\t\t\t<\/div>\n\t\t\t\t<\/div>\n\t\t\t\t\t<\/div>\n\t\t\t\t<\/div>\n\t\t<div class=\"elementor-element elementor-element-8e66ec6 e-flex e-con-boxed e-con e-parent\" data-id=\"8e66ec6\" data-element_type=\"container\" data-settings=\"{&quot;background_background&quot;:&quot;video&quot;,&quot;shape_divider_top&quot;:&quot;arrow&quot;,&quot;shape_divider_bottom&quot;:&quot;arrow&quot;,&quot;background_video_link&quot;:&quot;https:\\\/\\\/youtu.be\\\/HMubX0bN2aE&quot;,&quot;background_play_on_mobile&quot;:&quot;yes&quot;}\">\n\t\t\t\t\t<div class=\"e-con-inner\">\n\t\t<div class=\"elementor-background-video-container\" aria-hidden=\"true\">\n\t\t\t\t\t\t\t<div class=\"elementor-background-video-embed\"><\/div>\n\t\t\t\t\t\t<\/div>\t\t<div class=\"elementor-shape elementor-shape-top\" aria-hidden=\"true\" data-negative=\"false\">\n\t\t\t<svg xmlns=\"http:\/\/www.w3.org\/2000\/svg\" viewBox=\"0 0 700 10\" preserveAspectRatio=\"none\">\n\t<path class=\"elementor-shape-fill\" d=\"M350,10L340,0h20L350,10z\"\/>\n<\/svg>\t\t<\/div>\n\t\t\t\t<div class=\"elementor-shape elementor-shape-bottom\" aria-hidden=\"true\" data-negative=\"false\">\n\t\t\t<svg xmlns=\"http:\/\/www.w3.org\/2000\/svg\" viewBox=\"0 0 700 10\" preserveAspectRatio=\"none\">\n\t<path class=\"elementor-shape-fill\" d=\"M350,10L340,0h20L350,10z\"\/>\n<\/svg>\t\t<\/div>\n\t\t<div class=\"elementor-element elementor-element-46d55f7 e-con-full e-flex e-con e-child\" data-id=\"46d55f7\" data-element_type=\"container\">\n\t\t\t\t<div class=\"elementor-element elementor-element-33244f5 elementor-widget elementor-widget-heading\" data-id=\"33244f5\" data-element_type=\"widget\" data-widget_type=\"heading.default\">\n\t\t\t\t<div class=\"elementor-widget-container\">\n\t\t\t\t\t<h2 class=\"elementor-heading-title elementor-size-default\">\u00bfC\u00d3MO FUNCIONA EL CAMINO DE 300 Horas?<\/h2>\t\t\t\t<\/div>\n\t\t\t\t<\/div>\n\t\t\t\t<div class=\"elementor-element elementor-element-6a88c5a elementor-widget elementor-widget-text-editor\" data-id=\"6a88c5a\" data-element_type=\"widget\" data-widget_type=\"text-editor.default\">\n\t\t\t\t<div class=\"elementor-widget-container\">\n\t\t\t\t\t\t\t\t\t<p><span style=\"font-weight: 400;\">Este recorrido est\u00e1 compuesto por cinco m\u00f3dulos transformadores, que puedes tomar en el orden que desees.<\/span><\/p><p><span style=\"font-weight: 400;\">Cada m\u00f3dulo tiene una duraci\u00f3n de 60 horas, y al completar los cinco, junto a tu certificaci\u00f3n de 200 horas, cumplir\u00e1s con los requisitos de 500 horas para ser Maestro Registrado por Yoga Alliance (RYT).<\/span><\/p><p><span style=\"font-weight: 400;\">Estos m\u00f3dulos son m\u00e1s que formaciones: son portales. Cada uno act\u00faa como un espejo sutil que te gu\u00eda a desarrollar intuici\u00f3n, neutralidad, autoevaluaci\u00f3n profunda, y una conexi\u00f3n m\u00e1s \u00edntima con tu propia sabidur\u00eda interior.<\/span><\/p>\t\t\t\t\t\t\t\t<\/div>\n\t\t\t\t<\/div>\n\t\t\t\t<\/div>\n\t\t\t\t\t<\/div>\n\t\t\t\t<\/div>\n\t\t<div class=\"elementor-element elementor-element-8c19447 e-flex e-con-boxed e-con e-parent\" data-id=\"8c19447\" data-element_type=\"container\">\n\t\t\t\t\t<div class=\"e-con-inner\">\n\t\t\t\t<div class=\"elementor-element elementor-element-70de352 elementor-widget elementor-widget-heading\" data-id=\"70de352\" data-element_type=\"widget\" data-widget_type=\"heading.default\">\n\t\t\t\t<div class=\"elementor-widget-container\">\n\t\t\t\t\t<h2 class=\"elementor-heading-title elementor-size-default\">Bajo construcci\u00f3n<\/h2>\t\t\t\t<\/div>\n\t\t\t\t<\/div>\n\t\t\t\t\t<\/div>\n\t\t\t\t<\/div>\n\t\t\t\t<\/div>\n\t\t","protected":false},"excerpt":{"rendered":"<p>Formaci\u00f3n Kundalini Yoga 300 Horas FORMACIONES AVANZADAS\u200b Un viaje hacia la expansi\u00f3n interior, la madurez espiritual y la verdadera maestr\u00eda. El curso de 300 Horas es una invitaci\u00f3n a ir m\u00e1s all\u00e1 de la t\u00e9cnica para habitar plenamente el camino del maestro. Es un proceso de transformaci\u00f3n profunda, donde las ense\u00f1anzas de Kundalini Yoga se [&hellip;]<\/p>\n","protected":false},"author":1,"featured_media":0,"parent":0,"menu_order":0,"comment_status":"closed","ping_status":"closed","template":"","meta":{"pmpro_default_level":"","footnotes":""},"class_list":["post-1682","page","type-page","status-publish","hentry","pmpro-has-access"],"_links":{"self":[{"href":"https:\/\/kundalinitribe.com\/en\/wp-json\/wp\/v2\/pages\/1682","targetHints":{"allow":["GET"]}}],"collection":[{"href":"https:\/\/kundalinitribe.com\/en\/wp-json\/wp\/v2\/pages"}],"about":[{"href":"https:\/\/kundalinitribe.com\/en\/wp-json\/wp\/v2\/types\/page"}],"author":[{"embeddable":true,"href":"https:\/\/kundalinitribe.com\/en\/wp-json\/wp\/v2\/users\/1"}],"replies":[{"embeddable":true,"href":"https:\/\/kundalinitribe.com\/en\/wp-json\/wp\/v2\/comments?post=1682"}],"version-history":[{"count":1,"href":"https:\/\/kundalinitribe.com\/en\/wp-json\/wp\/v2\/pages\/1682\/revisions"}],"predecessor-version":[{"id":1688,"href":"https:\/\/kundalinitribe.com\/en\/wp-json\/wp\/v2\/pages\/1682\/revisions\/1688"}],"wp:attachment":[{"href":"https:\/\/kundalinitribe.com\/en\/wp-json\/wp\/v2\/media?parent=1682"}],"curies":[{"name":"wp","href":"https:\/\/api.w.org\/{rel}","templated":true}]}}